{"id":11246,"date":"2023-01-26T09:36:39","date_gmt":"2023-01-26T09:36:39","guid":{"rendered":"https:\/\/launepsicologia.com\/?page_id=11246"},"modified":"2025-05-27T13:00:02","modified_gmt":"2025-05-27T13:00:02","slug":"aviso-legal","status":"publish","type":"page","link":"https:\/\/launepsicologia.com\/index.php\/aviso-legal\/","title":{"rendered":"Aviso Legal"},"content":{"rendered":"<style type=\"text\/css\"> \n#cmsmasters_row_6a0957679d8039_61601906 .cmsmasters_row_outer_parent { \n\tpadding-top: 0px; \n} \n\n#cmsmasters_row_6a0957679d8039_61601906 .cmsmasters_row_outer_parent { \n\tpadding-bottom: 50px; \n} \n\n<\/style><div id=\"cmsmasters_row_6a0957679d1e08_87564290\" class=\"cmsmasters_row cmsmasters_color_scheme_default cmsmasters_row_top_default cmsmasters_row_bot_default cmsmasters_row_boxed\">\n<div class=\"cmsmasters_row_outer_parent\">\n<div class=\"cmsmasters_row_outer\">\n<div class=\"cmsmasters_row_inner\">\n<div class=\"cmsmasters_row_margin\">\n<div class=\"cmsmasters_column one_first\">\n<div class=\"cmsmasters_text\">\n<h1><span style=\"color: #336db2;\">AVISO LEGAL<\/span><\/h1>\n<p><span style=\"color: #000000;\">El presente Aviso Legal regula el uso del servicio del portal de Internet con direcci\u00f3n WWW.LAUNEPSICOLOGIA.COM, cuyo responsable a efectos identificativos es:<\/span><\/p>\n<p><span style=\"color: #000000;\"><strong>\u2022 RESPONSABLE:<\/strong> EDURNE GARCIA CORRES<\/span><br \/><span style=\"color: #000000;\"><strong>\u2022 N\u00ba COL:<\/strong> AA01191<\/span><br \/><span style=\"color: #000000;\"><strong>\u2022 NOMBRE\/ RAZ\u00d3N SOCIAL:<\/strong>\u00a0LAUNE PSICOLOG\u00cdA<\/span><br \/><span style=\"color: #000000;\"><strong>\u2022 N\u00ba DE CENTRO SANITARIO:<\/strong>\u00a0C.2.2. 14184<\/span><br \/><span style=\"color: #000000;\"><strong>\u2022 ACTIVIDAD\/OBJETO SOCIAL:<\/strong> SERVICIOS DE PSICOTERAPIA<\/span><br \/><span style=\"color: #000000;\"><strong>\u2022 DOMICILIO: \u00a0<\/strong>Olaguibel 32, 1\u00baA, Vitoria-Gasteiz\u00a001004,\u00a0\u00c1lava<\/span><br \/><span style=\"color: #000000;\"><strong>\u2022 TEL\u00c9FONO:\u00a0<\/strong> 691 501 405<\/span><br \/><span style=\"color: #000000;\"><strong>\u2022 EMAIL:<\/strong>edurnegarciacorres@gmail.com<\/span><\/p>\n<h3><span style=\"color: #336db2;\">Legislaci\u00f3n<\/span><\/h3>\n<p><span style=\"color: #000000;\">Con car\u00e1cter general las relaciones entre LAUNE PSICOLOG\u00cdA con los Usuarios de sus servicios telem\u00e1ticos, presentes en la web, se encuentran sometidas a la legislaci\u00f3n y jurisdicci\u00f3n espa\u00f1olas.<\/span><\/p>\n<p><span style=\"color: #000000;\">Las partes renuncian expresamente al fuero que les pudiera corresponder y someten expresamente a los Juzgados y Tribunales de ARABA para resolver cualquier controversia que pudiera surgir en la interpretaci\u00f3n o ejecuci\u00f3n de las presentes condiciones contractuales.<\/span><\/p>\n<h3><span style=\"color: #336db2;\">Contenido y Uso<\/span><\/h3>\n<p><span style=\"color: #000000;\">El Usuario queda informado, y acepta, que el acceso a la presente web no supone, en modo alguno, el inicio de una relaci\u00f3n comercial con LAUNE PSICOLOG\u00cdA.<\/span><\/p>\n<p><span style=\"color: #000000;\">El titular del web no se identifica con las opiniones vertidas en el mismo por sus colaboradores. La Empresa se reserva el derecho de efectuar sin previo aviso las modificaciones que considere oportunas en su Web, pudiendo cambiar, suprimir o a\u00f1adir tanto los contenidos y servicios que se presten a trav\u00e9s de la misma como la forma en la que \u00e9stos aparezcan presentados o localizados en sus servidores.<\/span><\/p>\n<h3><span style=\"color: #336db2;\">Propiedad intelectual e industrial<\/span><\/h3>\n<p><span style=\"color: #000000;\">Los derechos de propiedad intelectual del contenido de las p\u00e1ginas web, su dise\u00f1o gr\u00e1fico y c\u00f3digos son titularidad de LAUNE PSICOLOG\u00cdA y, por tanto, queda prohibida su reproducci\u00f3n, distribuci\u00f3n, comunicaci\u00f3n p\u00fablica, transformaci\u00f3n o cualquier otra actividad que se pueda realizar con los contenidos de sus p\u00e1ginas web ni aun citando las fuentes, salvo consentimiento por escrito de EDURNE GARCIA CORRES Todos los nombres comerciales, marcas o signos distintos de cualquier clase contenidos en las p\u00e1ginas web de la<\/span><br \/><span style=\"color: #000000;\">Empresa son propiedad de sus due\u00f1os y est\u00e1n protegidos por ley.<\/span><\/p>\n<h3><span style=\"color: #336db2;\">Enlaces (Links)<\/span><\/h3>\n<p><span style=\"color: #000000;\">La presencia de enlaces (links) en las p\u00e1ginas web de LAUNE PSICOLOG\u00cdA tiene finalidad meramente informativa y en ning\u00fan caso supone sugerencia, invitaci\u00f3n o recomendaci\u00f3n sobre los mismos.<\/span><\/p>\n<\/p>\n<\/div>\n<div class=\"cmsmasters_text\">\n<p class=\"has-color-1-color has-text-color\">\u00a0<\/p>\n<\/p>\n<\/div>\n<\/div>\n<\/div>\n<\/div>\n<\/div>\n<\/div>\n<\/div>\n<div id=\"cmsmasters_row_6a0957679d8039_61601906\" class=\"cmsmasters_row cmsmasters_color_scheme_default cmsmasters_row_top_default cmsmasters_row_bot_default cmsmasters_row_boxed\">\n<div class=\"cmsmasters_row_outer_parent\">\n<div class=\"cmsmasters_row_outer\">\n<div class=\"cmsmasters_row_inner\">\n<div class=\"cmsmasters_row_margin\">\n<div class=\"cmsmasters_column one_first\">\n<\/div>\n<\/div>\n<\/div>\n<\/div>\n<\/div>\n<\/div>\n","protected":false},"excerpt":{"rendered":"","protected":false},"author":2,"featured_media":0,"parent":0,"menu_order":0,"comment_status":"closed","ping_status":"closed","template":"","meta":{"footnotes":""},"class_list":["post-11246","page","type-page","status-publish","hentry"],"yoast_head":"<!-- This site is optimized with the Yoast SEO plugin v20.6 - https:\/\/yoast.com\/wordpress\/plugins\/seo\/ -->\n<title>Aviso Legal - LAUNE Psicolog\u00eda<\/title>\n<meta name=\"description\" content=\"LAUNE Psicolog\u00eda Aviso Legal -\" \/>\n<meta name=\"robots\" content=\"index, follow, max-snippet:-1, max-image-preview:large, max-video-preview:-1\" \/>\n<link rel=\"canonical\" href=\"https:\/\/launepsicologia.com\/index.php\/aviso-legal\/\" \/>\n<meta property=\"og:locale\" content=\"es_ES\" \/>\n<meta property=\"og:type\" content=\"article\" \/>\n<meta property=\"og:title\" content=\"Aviso Legal - LAUNE Psicolog\u00eda\" \/>\n<meta property=\"og:description\" content=\"LAUNE Psicolog\u00eda Aviso Legal -\" \/>\n<meta property=\"og:url\" content=\"https:\/\/launepsicologia.com\/index.php\/aviso-legal\/\" \/>\n<meta property=\"og:site_name\" content=\"LAUNE Psicolog\u00eda\" \/>\n<meta property=\"article:modified_time\" content=\"2025-05-27T13:00:02+00:00\" \/>\n<meta name=\"twitter:card\" content=\"summary_large_image\" \/>\n<meta name=\"twitter:label1\" content=\"Tiempo de lectura\" \/>\n\t<meta name=\"twitter:data1\" content=\"2 minutos\" \/>\n<script type=\"application\/ld+json\" class=\"yoast-schema-graph\">{\"@context\":\"https:\/\/schema.org\",\"@graph\":[{\"@type\":\"WebPage\",\"@id\":\"https:\/\/launepsicologia.com\/index.php\/aviso-legal\/\",\"url\":\"https:\/\/launepsicologia.com\/index.php\/aviso-legal\/\",\"name\":\"Aviso Legal - LAUNE Psicolog\u00eda\",\"isPartOf\":{\"@id\":\"https:\/\/launepsicologia.com\/#website\"},\"datePublished\":\"2023-01-26T09:36:39+00:00\",\"dateModified\":\"2025-05-27T13:00:02+00:00\",\"description\":\"LAUNE Psicolog\u00eda Aviso Legal -\",\"breadcrumb\":{\"@id\":\"https:\/\/launepsicologia.com\/index.php\/aviso-legal\/#breadcrumb\"},\"inLanguage\":\"es\",\"potentialAction\":[{\"@type\":\"ReadAction\",\"target\":[\"https:\/\/launepsicologia.com\/index.php\/aviso-legal\/\"]}]},{\"@type\":\"BreadcrumbList\",\"@id\":\"https:\/\/launepsicologia.com\/index.php\/aviso-legal\/#breadcrumb\",\"itemListElement\":[{\"@type\":\"ListItem\",\"position\":1,\"name\":\"Portada\",\"item\":\"https:\/\/launepsicologia.com\/\"},{\"@type\":\"ListItem\",\"position\":2,\"name\":\"Aviso Legal\"}]},{\"@type\":\"WebSite\",\"@id\":\"https:\/\/launepsicologia.com\/#website\",\"url\":\"https:\/\/launepsicologia.com\/\",\"name\":\"LAUNE Psicolog\u00eda\",\"description\":\"Consulta de Psicolog\u00eda en Vitoria-Gasteiz\",\"potentialAction\":[{\"@type\":\"SearchAction\",\"target\":{\"@type\":\"EntryPoint\",\"urlTemplate\":\"https:\/\/launepsicologia.com\/?s={search_term_string}\"},\"query-input\":\"required name=search_term_string\"}],\"inLanguage\":\"es\"}]}<\/script>\n<!-- \/ Yoast SEO plugin. -->","yoast_head_json":{"title":"Aviso Legal - LAUNE Psicolog\u00eda","description":"LAUNE Psicolog\u00eda Aviso Legal -","robots":{"index":"index","follow":"follow","max-snippet":"max-snippet:-1","max-image-preview":"max-image-preview:large","max-video-preview":"max-video-preview:-1"},"canonical":"https:\/\/launepsicologia.com\/index.php\/aviso-legal\/","og_locale":"es_ES","og_type":"article","og_title":"Aviso Legal - LAUNE Psicolog\u00eda","og_description":"LAUNE Psicolog\u00eda Aviso Legal -","og_url":"https:\/\/launepsicologia.com\/index.php\/aviso-legal\/","og_site_name":"LAUNE Psicolog\u00eda","article_modified_time":"2025-05-27T13:00:02+00:00","twitter_card":"summary_large_image","twitter_misc":{"Tiempo de lectura":"2 minutos"},"schema":{"@context":"https:\/\/schema.org","@graph":[{"@type":"WebPage","@id":"https:\/\/launepsicologia.com\/index.php\/aviso-legal\/","url":"https:\/\/launepsicologia.com\/index.php\/aviso-legal\/","name":"Aviso Legal - LAUNE Psicolog\u00eda","isPartOf":{"@id":"https:\/\/launepsicologia.com\/#website"},"datePublished":"2023-01-26T09:36:39+00:00","dateModified":"2025-05-27T13:00:02+00:00","description":"LAUNE Psicolog\u00eda Aviso Legal -","breadcrumb":{"@id":"https:\/\/launepsicologia.com\/index.php\/aviso-legal\/#breadcrumb"},"inLanguage":"es","potentialAction":[{"@type":"ReadAction","target":["https:\/\/launepsicologia.com\/index.php\/aviso-legal\/"]}]},{"@type":"BreadcrumbList","@id":"https:\/\/launepsicologia.com\/index.php\/aviso-legal\/#breadcrumb","itemListElement":[{"@type":"ListItem","position":1,"name":"Portada","item":"https:\/\/launepsicologia.com\/"},{"@type":"ListItem","position":2,"name":"Aviso Legal"}]},{"@type":"WebSite","@id":"https:\/\/launepsicologia.com\/#website","url":"https:\/\/launepsicologia.com\/","name":"LAUNE Psicolog\u00eda","description":"Consulta de Psicolog\u00eda en Vitoria-Gasteiz","potentialAction":[{"@type":"SearchAction","target":{"@type":"EntryPoint","urlTemplate":"https:\/\/launepsicologia.com\/?s={search_term_string}"},"query-input":"required name=search_term_string"}],"inLanguage":"es"}]}},"_links":{"self":[{"href":"https:\/\/launepsicologia.com\/index.php\/wp-json\/wp\/v2\/pages\/11246","targetHints":{"allow":["GET"]}}],"collection":[{"href":"https:\/\/launepsicologia.com\/index.php\/wp-json\/wp\/v2\/pages"}],"about":[{"href":"https:\/\/launepsicologia.com\/index.php\/wp-json\/wp\/v2\/types\/page"}],"author":[{"embeddable":true,"href":"https:\/\/launepsicologia.com\/index.php\/wp-json\/wp\/v2\/users\/2"}],"replies":[{"embeddable":true,"href":"https:\/\/launepsicologia.com\/index.php\/wp-json\/wp\/v2\/comments?post=11246"}],"version-history":[{"count":14,"href":"https:\/\/launepsicologia.com\/index.php\/wp-json\/wp\/v2\/pages\/11246\/revisions"}],"predecessor-version":[{"id":12287,"href":"https:\/\/launepsicologia.com\/index.php\/wp-json\/wp\/v2\/pages\/11246\/revisions\/12287"}],"wp:attachment":[{"href":"https:\/\/launepsicologia.com\/index.php\/wp-json\/wp\/v2\/media?parent=11246"}],"curies":[{"name":"wp","href":"https:\/\/api.w.org\/{rel}","templated":true}]}}