{"id":11758,"date":"2023-03-07T19:42:30","date_gmt":"2023-03-07T19:42:30","guid":{"rendered":"https:\/\/launepsicologia.com\/?page_id=11758"},"modified":"2026-02-16T09:47:05","modified_gmt":"2026-02-16T09:47:05","slug":"terapia-infantil-y-adolescente-2","status":"publish","type":"page","link":"https:\/\/launepsicologia.com\/index.php\/terapia-infantil-y-adolescente-2\/","title":{"rendered":"Terapia infantil y adolescente"},"content":{"rendered":"<style type=\"text\/css\"> \n#cmsmasters_row_69f4cac424f8d8_86821940 .cmsmasters_row_outer_parent { \n\tpadding-top: 0px; \n} \n\n#cmsmasters_row_69f4cac424f8d8_86821940 .cmsmasters_row_outer_parent { \n\tpadding-bottom: 50px; \n} \n\n \n#cmsmasters_heading_69f4cac4250fd4_56824293 { \n\ttext-align:center; \n\tmargin-top:60px; \n\tmargin-bottom:20px; \n} \n\n#cmsmasters_heading_69f4cac4250fd4_56824293 .cmsmasters_heading { \n\ttext-align:center; \n} \n\n#cmsmasters_heading_69f4cac4250fd4_56824293 .cmsmasters_heading, #cmsmasters_heading_69f4cac4250fd4_56824293 .cmsmasters_heading a { \n\tfont-weight:900; \n\tfont-style:normal; \n} \n\n#cmsmasters_heading_69f4cac4250fd4_56824293 .cmsmasters_heading_divider { \n} \n\n \n#cmsmasters_divider_69f4cac4251276_92518635 { \n\tborder-bottom-width:1px; \n\tborder-bottom-style:solid; \n\tpadding-top:50px; \n\tmargin-bottom:50px; \n} \n \n#cmsmasters_heading_69f4cac4251461_14403802 { \n\ttext-align:center; \n\tmargin-top:0px; \n\tmargin-bottom:20px; \n} \n\n#cmsmasters_heading_69f4cac4251461_14403802 .cmsmasters_heading { \n\ttext-align:center; \n} \n\n#cmsmasters_heading_69f4cac4251461_14403802 .cmsmasters_heading, #cmsmasters_heading_69f4cac4251461_14403802 .cmsmasters_heading a { \n\tfont-weight:normal; \n\tfont-style:normal; \n} \n\n#cmsmasters_heading_69f4cac4251461_14403802 .cmsmasters_heading_divider { \n} \n\n \n#cmsmasters_row_69f4cac428fb50_71548984 { \n\tbackground-color:#e7e7e7;\n\tbackground-image: url(https:\/\/launepsicologia.com\/wp-content\/uploads\/2015\/11\/pattern.png); \n\tbackground-position: top center; \n\tbackground-repeat: repeat; \n\tbackground-attachment: scroll; \n\tbackground-size: auto; \n} \n\n#cmsmasters_row_69f4cac428fb50_71548984 .cmsmasters_row_outer_parent { \n\tpadding-top: 80px; \n} \n\n#cmsmasters_row_69f4cac428fb50_71548984 .cmsmasters_row_outer_parent { \n\tpadding-bottom: 90px; \n} \n\n \n#cmsmasters_divider_69f4cac42928c2_09058300 { \n\tborder-bottom-width:0px; \n\tborder-bottom-style:solid; \n\tpadding-top:30px; \n\tmargin-bottom:0px; \n} \n \n#cmsmasters_icon_69f4cac4295082_90553693 { \n\tdisplay:block; \n\ttext-align:left; } \n\n#cmsmasters_icon_69f4cac4295082_90553693 .cmsmasters_simple_icon { \n\tborder-width:0px; \n\twidth:36px; \n\theight:36px; \n\tfont-size:32px; \n\tline-height:36px; \n\ttext-align:left; \n\t-webkit-border-radius:50%; \n\tborder-radius:50%; \n\tcolor:#a36f61;} \n \n#cmsmasters_heading_69f4cac4295302_67405947 { \n\ttext-align:left; \n\tmargin-top:20px; \n\tmargin-bottom:30px; \n} \n\n#cmsmasters_heading_69f4cac4295302_67405947 .cmsmasters_heading { \n\ttext-align:left; \n} \n\n#cmsmasters_heading_69f4cac4295302_67405947 .cmsmasters_heading, #cmsmasters_heading_69f4cac4295302_67405947 .cmsmasters_heading a { \n\tfont-weight:bold; \n\tfont-style:normal; \n} \n\n#cmsmasters_heading_69f4cac4295302_67405947 .cmsmasters_heading_divider { \n} \n\n \n#cmsmasters_icon_69f4cac4295e67_53094262 { \n\tdisplay:block; \n\ttext-align:left; } \n\n#cmsmasters_icon_69f4cac4295e67_53094262 .cmsmasters_simple_icon { \n\tborder-width:0px; \n\twidth:36px; \n\theight:36px; \n\tfont-size:32px; \n\tline-height:36px; \n\ttext-align:left; \n\t-webkit-border-radius:50%; \n\tborder-radius:50%; \n\tcolor:#a36f61;} \n \n#cmsmasters_heading_69f4cac4296045_72643149 { \n\ttext-align:left; \n\tmargin-top:20px; \n\tmargin-bottom:30px; \n} \n\n#cmsmasters_heading_69f4cac4296045_72643149 .cmsmasters_heading { \n\ttext-align:left; \n} \n\n#cmsmasters_heading_69f4cac4296045_72643149 .cmsmasters_heading, #cmsmasters_heading_69f4cac4296045_72643149 .cmsmasters_heading a { \n\tfont-weight:bold; \n\tfont-style:normal; \n} \n\n#cmsmasters_heading_69f4cac4296045_72643149 .cmsmasters_heading_divider { \n} \n\n \n#cmsmasters_icon_69f4cac4296a36_13609201 { \n\tdisplay:block; \n\ttext-align:left; } \n\n#cmsmasters_icon_69f4cac4296a36_13609201 .cmsmasters_simple_icon { \n\tborder-width:0px; \n\twidth:36px; \n\theight:36px; \n\tfont-size:32px; \n\tline-height:36px; \n\ttext-align:left; \n\t-webkit-border-radius:50%; \n\tborder-radius:50%; \n\tcolor:#a36f61;} \n \n#cmsmasters_heading_69f4cac4296bf6_64175353 { \n\ttext-align:left; \n\tmargin-top:20px; \n\tmargin-bottom:30px; \n} \n\n#cmsmasters_heading_69f4cac4296bf6_64175353 .cmsmasters_heading { \n\ttext-align:left; \n} \n\n#cmsmasters_heading_69f4cac4296bf6_64175353 .cmsmasters_heading, #cmsmasters_heading_69f4cac4296bf6_64175353 .cmsmasters_heading a { \n\tfont-weight:bold; \n\tfont-style:normal; \n} \n\n#cmsmasters_heading_69f4cac4296bf6_64175353 .cmsmasters_heading_divider { \n} \n\n \n#cmsmasters_row_69f4cac4297228_81349075 .cmsmasters_row_outer_parent { \n\tpadding-top: 0px; \n} \n\n#cmsmasters_row_69f4cac4297228_81349075 .cmsmasters_row_outer_parent { \n\tpadding-bottom: 50px; \n} \n\n \n#cmsmasters_divider_69f4cac4298392_69110759 { \n\tborder-bottom-width:0px; \n\tborder-bottom-style:solid; \n\tpadding-top:50px; \n\tmargin-bottom:50px; \n} \n<\/style><div id=\"cmsmasters_row_69f4cac424f8d8_86821940\" class=\"cmsmasters_row cmsmasters_color_scheme_default cmsmasters_row_top_default cmsmasters_row_bot_default cmsmasters_row_boxed\">\n<div class=\"cmsmasters_row_outer_parent\">\n<div class=\"cmsmasters_row_outer\">\n<div class=\"cmsmasters_row_inner\">\n<div class=\"cmsmasters_row_margin\">\n<div class=\"cmsmasters_column one_first\">\n\n<div id=\"cmsmasters_heading_69f4cac4250fd4_56824293\" class=\"cmsmasters_heading_wrap cmsmasters_heading_align_center\">\n\t<h1 class=\"cmsmasters_heading\">Terapia infantil y adolescente<\/h1>\n<\/div>\n\n<div id=\"cmsmasters_divider_69f4cac4251276_92518635\" class=\"cmsmasters_divider cmsmasters_divider_width_short cmsmasters_divider_pos_center\"><\/div>\n\n<div id=\"cmsmasters_heading_69f4cac4251461_14403802\" class=\"cmsmasters_heading_wrap cmsmasters_heading_align_center\">\n\t<h4 class=\"cmsmasters_heading\">La terapia infantil y adolescente es un enfoque psicol\u00f3gico espec\u00edfico que se enfoca en ayudar a ni\u00f1os, ni\u00f1as y adolescentes a superar problemas emocionales y conductuales. La terapia infantil y adolescente se basa en la premisa de que las ni\u00f1as, ni\u00f1os y adolescentes son seres humanos en desarrollo, con necesidades y problemas \u00fanicos. Puede incluir trabajar con el\/la menor o adolescente individualmente, con sus padres y madres o con ambos. El o la terapeuta puede ayudar al menor o adolescente a identificar y expresar sus sentimientos, aprender habilidades para manejar el estr\u00e9s y la ansiedad, y desarrollar habilidades para mejorar las relaciones interpersonales.<\/h4>\n<\/div>\n<div class=\"cmsmasters_wrap_portfolio entry-summary\" id=\"portfolio_69f4cac4251749_03275619\">\r\n<script type=\"text\/javascript\">\r\njQuery(document).ready(function () {\r\n\t(function ($) {\r\n\t\tif ($('#portfolio_69f4cac4251749_03275619').find('article').length == '0') {\r\n\t\t\treturn false;\r\n\t\t}\r\n\t\t\r\n\t\r\n\t\tstartPortfolio( \r\n\t\t\t'69f4cac4251749_03275619', \r\n\t\t\t'grid', \r\n\t\t\t'perfect', \r\n\t\t\t'https:\/\/launepsicologia.com\/wp-content\/plugins\/cmsmasters-content-composer\/', \r\n\t\t\t'date', \r\n\t\t\t'DESC', \r\n\t\t\t'10', \r\n\t\t\t'terapia-infantil-y-adolescente', \r\n\t\t\t'title,rollover' \r\n\t\t);\r\n\t} )(jQuery);\r\n} );\r\n<\/script>\r\n<div class=\"portfolio grid large_gap perfect cmsmasters_3\">\r\n<!--_________________________ Start Standard Project _________________________ -->\r\n\r\n<article id=\"post-10880\" class=\"post-10880 project type-project status-publish format-standard has-post-thumbnail hentry pj-categs-terapia-infantil-y-adolescente\" data-category=\"terapia-infantil-y-adolescente\">\r\n\t<div class=\"project_outer\">\r\n\t<figure class=\"cmsmasters_img_rollover_wrap preloader\"><img loading=\"lazy\" decoding=\"async\" width=\"580\" height=\"390\" src=\"https:\/\/launepsicologia.com\/wp-content\/uploads\/2022\/12\/dos-mujeres-jovenes-mirar-telefono-movil-580x390.jpg\" class=\"full-width wp-post-image\" alt=\"Acoso escolar: bullying y ciberbullying\" title=\"Acoso escolar: bullying y ciberbullying\" \/><div class=\"cmsmasters_img_rollover\"><a href=\"https:\/\/launepsicologia.com\/index.php\/project\/acoso-escolar-bullying-y-ciberbullying\/\" target=\"_blank\" title=\"Acoso escolar: bullying y ciberbullying\" class=\"cmsmasters_open_post_link\">Leer m\u00e1s<\/a><\/div><\/figure><div class=\"project_inner\"><header class=\"cmsmasters_project_header entry-header\"><h4 class=\"cmsmasters_project_title entry-title\"><a href=\"https:\/\/launepsicologia.com\/index.php\/project\/acoso-escolar-bullying-y-ciberbullying\/\" target=\"_blank\">Acoso escolar: bullying y ciberbullying<\/a><\/h4><\/header><\/div><span class=\"dn meta-date\">20221213104518<\/span>\t\t<div class=\"cl\"><\/div>\r\n\t<\/div>\r\n<\/article>\r\n<!--_________________________ Finish Standard Project _________________________ -->\r\n\r\n\r\n<!--_________________________ Start Standard Project _________________________ -->\r\n\r\n<article id=\"post-10878\" class=\"post-10878 project type-project status-publish format-standard has-post-thumbnail hentry pj-categs-terapia-infantil-y-adolescente\" data-category=\"terapia-infantil-y-adolescente\">\r\n\t<div class=\"project_outer\">\r\n\t<figure class=\"cmsmasters_img_rollover_wrap preloader\"><img loading=\"lazy\" decoding=\"async\" width=\"580\" height=\"390\" src=\"https:\/\/launepsicologia.com\/wp-content\/uploads\/2022\/12\/t9-580x390.jpg\" class=\"full-width wp-post-image\" alt=\"Depresi\u00f3n\" title=\"Depresi\u00f3n\" \/><div class=\"cmsmasters_img_rollover\"><a href=\"https:\/\/launepsicologia.com\/index.php\/project\/depresion\/\" target=\"_blank\" title=\"Depresi\u00f3n\" class=\"cmsmasters_open_post_link\">Leer m\u00e1s<\/a><\/div><\/figure><div class=\"project_inner\"><header class=\"cmsmasters_project_header entry-header\"><h4 class=\"cmsmasters_project_title entry-title\"><a href=\"https:\/\/launepsicologia.com\/index.php\/project\/depresion\/\" target=\"_blank\">Depresi\u00f3n<\/a><\/h4><\/header><\/div><span class=\"dn meta-date\">20221213104438<\/span>\t\t<div class=\"cl\"><\/div>\r\n\t<\/div>\r\n<\/article>\r\n<!--_________________________ Finish Standard Project _________________________ -->\r\n\r\n\r\n<!--_________________________ Start Standard Project _________________________ -->\r\n\r\n<article id=\"post-10876\" class=\"post-10876 project type-project status-publish format-standard has-post-thumbnail hentry pj-categs-terapia-infantil-y-adolescente\" data-category=\"terapia-infantil-y-adolescente\">\r\n\t<div class=\"project_outer\">\r\n\t<figure class=\"cmsmasters_img_rollover_wrap preloader\"><img loading=\"lazy\" decoding=\"async\" width=\"580\" height=\"390\" src=\"https:\/\/launepsicologia.com\/wp-content\/uploads\/2022\/12\/t10-580x390.jpg\" class=\"full-width wp-post-image\" alt=\"Ansiedad\" title=\"Ansiedad\" \/><div class=\"cmsmasters_img_rollover\"><a href=\"https:\/\/launepsicologia.com\/index.php\/project\/ansiedad\/\" target=\"_blank\" title=\"Ansiedad\" class=\"cmsmasters_open_post_link\">Leer m\u00e1s<\/a><\/div><\/figure><div class=\"project_inner\"><header class=\"cmsmasters_project_header entry-header\"><h4 class=\"cmsmasters_project_title entry-title\"><a href=\"https:\/\/launepsicologia.com\/index.php\/project\/ansiedad\/\" target=\"_blank\">Ansiedad<\/a><\/h4><\/header><\/div><span class=\"dn meta-date\">20221213104353<\/span>\t\t<div class=\"cl\"><\/div>\r\n\t<\/div>\r\n<\/article>\r\n<!--_________________________ Finish Standard Project _________________________ -->\r\n\r\n\r\n<!--_________________________ Start Standard Project _________________________ -->\r\n\r\n<article id=\"post-10874\" class=\"post-10874 project type-project status-publish format-standard has-post-thumbnail hentry pj-categs-terapia-infantil-y-adolescente\" data-category=\"terapia-infantil-y-adolescente\">\r\n\t<div class=\"project_outer\">\r\n\t<figure class=\"cmsmasters_img_rollover_wrap preloader\"><img loading=\"lazy\" decoding=\"async\" width=\"580\" height=\"390\" src=\"https:\/\/launepsicologia.com\/wp-content\/uploads\/2022\/12\/t11-580x390.jpg\" class=\"full-width wp-post-image\" alt=\"Conducta suicida y autolesiones\" title=\"Conducta suicida y autolesiones\" \/><div class=\"cmsmasters_img_rollover\"><a href=\"https:\/\/launepsicologia.com\/index.php\/project\/conducta-suicida-y-autolesiones\/\" target=\"_blank\" title=\"Conducta suicida y autolesiones\" class=\"cmsmasters_open_post_link\">Leer m\u00e1s<\/a><\/div><\/figure><div class=\"project_inner\"><header class=\"cmsmasters_project_header entry-header\"><h4 class=\"cmsmasters_project_title entry-title\"><a href=\"https:\/\/launepsicologia.com\/index.php\/project\/conducta-suicida-y-autolesiones\/\" target=\"_blank\">Conducta suicida y autolesiones<\/a><\/h4><\/header><\/div><span class=\"dn meta-date\">20221213104330<\/span>\t\t<div class=\"cl\"><\/div>\r\n\t<\/div>\r\n<\/article>\r\n<!--_________________________ Finish Standard Project _________________________ -->\r\n\r\n\r\n<!--_________________________ Start Standard Project _________________________ -->\r\n\r\n<article id=\"post-10872\" class=\"post-10872 project type-project status-publish format-standard has-post-thumbnail hentry pj-categs-terapia-infantil-y-adolescente\" data-category=\"terapia-infantil-y-adolescente\">\r\n\t<div class=\"project_outer\">\r\n\t<figure class=\"cmsmasters_img_rollover_wrap preloader\"><img loading=\"lazy\" decoding=\"async\" width=\"580\" height=\"390\" src=\"https:\/\/launepsicologia.com\/wp-content\/uploads\/2022\/12\/t12-580x390.jpg\" class=\"full-width wp-post-image\" alt=\"Anorexia y bulimia\" title=\"Anorexia y bulimia\" \/><div class=\"cmsmasters_img_rollover\"><a href=\"https:\/\/launepsicologia.com\/index.php\/project\/anorexia-y-bulimia\/\" target=\"_blank\" title=\"Anorexia y bulimia\" class=\"cmsmasters_open_post_link\">Leer m\u00e1s<\/a><\/div><\/figure><div class=\"project_inner\"><header class=\"cmsmasters_project_header entry-header\"><h4 class=\"cmsmasters_project_title entry-title\"><a href=\"https:\/\/launepsicologia.com\/index.php\/project\/anorexia-y-bulimia\/\" target=\"_blank\">Anorexia y bulimia<\/a><\/h4><\/header><\/div><span class=\"dn meta-date\">20221213104308<\/span>\t\t<div class=\"cl\"><\/div>\r\n\t<\/div>\r\n<\/article>\r\n<!--_________________________ Finish Standard Project _________________________ -->\r\n\r\n<\/div><div class=\"cmsmasters_wrap_more_projects cmsmasters_wrap_more_items\"><\/div><\/div>\n<div class=\"cmsmasters_text\">\n<p>Click here to change this text<\/p>\n<\/div>\n<\/div>\n<\/div>\n<\/div>\n<\/div>\n<\/div>\n<\/div>\n<div id=\"cmsmasters_row_69f4cac428fb50_71548984\" class=\"cmsmasters_row cmsmasters_color_scheme_default cmsmasters_row_top_default cmsmasters_row_bot_default cmsmasters_row_boxed\">\n<div class=\"cmsmasters_row_outer_parent\">\n<div class=\"cmsmasters_row_outer\">\n<div class=\"cmsmasters_row_inner\">\n<div class=\"cmsmasters_row_margin\">\n<div class=\"cmsmasters_column one_fourth\">\n\n<div id=\"cmsmasters_divider_69f4cac42928c2_09058300\" class=\"cl\"><\/div>\n<div class=\"cmsmasters_img  cmsmasters_image_n\">\n<img decoding=\"async\" src=\"https:\/\/launepsicologia.com\/wp-content\/uploads\/2022\/12\/LOGOVERTICAL.png\" \/>\n<\/div>\n<\/div>\n<div class=\"cmsmasters_column one_fourth\">\n\n<div id=\"cmsmasters_icon_69f4cac4295082_90553693\" class=\"cmsmasters_icon_wrap\"><span class=\"cmsmasters_simple_icon cmsmasters-icon-location-3\"><\/span><\/div>\n\n<div id=\"cmsmasters_heading_69f4cac4295302_67405947\" class=\"cmsmasters_heading_wrap cmsmasters_heading_align_left\">\n\t<h2 class=\"cmsmasters_heading\">VIS\u00cdTANOS<\/h2>\n<\/div><div class=\"cmsmasters_text\">\n<h6><span style=\"font-size: 11pt; font-family: 'droid serif'; color: #000000;\">Olaguibel, 32, 1\u00ba A<\/span><br \/>\n<span style=\"font-size: 11pt; font-family: 'droid serif'; color: #000000;\">Vitoria-Gasteiz 01003<\/span><br \/>\n<span style=\"font-size: 11pt; font-family: 'droid serif'; color: #000000;\">\u00c1lava<\/span><\/h6>\n<p>&nbsp;<\/p>\n<p>&nbsp;<\/p>\n<\/div>\n<\/div>\n<div class=\"cmsmasters_column one_fourth\">\n\n<div id=\"cmsmasters_icon_69f4cac4295e67_53094262\" class=\"cmsmasters_icon_wrap\"><span class=\"cmsmasters_simple_icon cmsmasters-icon-time\"><\/span><\/div>\n\n<div id=\"cmsmasters_heading_69f4cac4296045_72643149\" class=\"cmsmasters_heading_wrap cmsmasters_heading_align_left\">\n\t<h2 class=\"cmsmasters_heading\">HORARIO<\/h2>\n<\/div><div class=\"cmsmasters_text\">\n<h6><span style=\"font-size: 11pt; font-family: 'droid serif'; color: #000000;\">Lunes-Viernes: <\/span><\/h6>\n<h6><span style=\"font-size: 11pt; font-family: 'droid serif'; color: #000000;\">10:00 &#8211; 20:00<\/span><\/h6>\n<h6><\/h6>\n<\/div>\n<\/div>\n<div class=\"cmsmasters_column one_fourth\">\n\n<div id=\"cmsmasters_icon_69f4cac4296a36_13609201\" class=\"cmsmasters_icon_wrap\"><span class=\"cmsmasters_simple_icon cmsmasters-icon-comment-3\"><\/span><\/div>\n\n<div id=\"cmsmasters_heading_69f4cac4296bf6_64175353\" class=\"cmsmasters_heading_wrap cmsmasters_heading_align_left\">\n\t<h2 class=\"cmsmasters_heading\">CONTACTO<\/h2>\n<\/div><div class=\"cmsmasters_text\">\n<h6><span style=\"font-family: 'droid serif'; color: #000000;\"><span style=\"font-size: 14.6667px;\">618 622 796<\/span><\/span><br \/>\n<span style=\"font-size: 11pt; font-family: 'droid serif'; color: #000000;\">691 501 405<\/span><\/h6>\n<\/div>\n<\/div>\n<\/div>\n<\/div>\n<\/div>\n<\/div>\n<\/div>\n<div id=\"cmsmasters_row_69f4cac4297228_81349075\" class=\"cmsmasters_row cmsmasters_color_scheme_default cmsmasters_row_top_default cmsmasters_row_bot_default cmsmasters_row_boxed\">\n<div class=\"cmsmasters_row_outer_parent\">\n<div class=\"cmsmasters_row_outer\">\n<div class=\"cmsmasters_row_inner\">\n<div class=\"cmsmasters_row_margin\">\n<div class=\"cmsmasters_column one_first\">\n\n<div id=\"cmsmasters_divider_69f4cac4298392_69110759\" class=\"cl\"><\/div>\n<div class=\"cmsmasters_text\">\n<h3 style=\"text-align: center;\"><span style=\"color: #000000;\">Autorizaci\u00f3n de publicidad sanitaria del Departamento de Salud del Gobierno Vasco a LAUNE PSICOLOG\u00cdA con n\u00ba de Registro 138\/25.<\/span><\/h3>\n<\/div>\n<\/div>\n<\/div>\n<\/div>\n<\/div>\n<\/div>\n<\/div>\n\n","protected":false},"excerpt":{"rendered":"","protected":false},"author":2,"featured_media":0,"parent":0,"menu_order":0,"comment_status":"closed","ping_status":"closed","template":"","meta":{"footnotes":""},"class_list":["post-11758","page","type-page","status-publish","hentry"],"yoast_head":"<!-- This site is optimized with the Yoast SEO plugin v20.6 - https:\/\/yoast.com\/wordpress\/plugins\/seo\/ -->\n<title>Terapia infantil y adolescente - LAUNE Psicolog\u00eda<\/title>\n<meta name=\"robots\" content=\"index, follow, max-snippet:-1, max-image-preview:large, max-video-preview:-1\" \/>\n<link rel=\"canonical\" href=\"https:\/\/launepsicologia.com\/index.php\/terapia-infantil-y-adolescente-2\/\" \/>\n<meta property=\"og:locale\" content=\"es_ES\" \/>\n<meta property=\"og:type\" content=\"article\" \/>\n<meta property=\"og:title\" content=\"Terapia infantil y adolescente - LAUNE Psicolog\u00eda\" \/>\n<meta property=\"og:url\" content=\"https:\/\/launepsicologia.com\/index.php\/terapia-infantil-y-adolescente-2\/\" \/>\n<meta property=\"og:site_name\" content=\"LAUNE Psicolog\u00eda\" \/>\n<meta property=\"article:modified_time\" content=\"2026-02-16T09:47:05+00:00\" \/>\n<meta name=\"twitter:card\" content=\"summary_large_image\" \/>\n<meta name=\"twitter:label1\" content=\"Tiempo de lectura\" \/>\n\t<meta name=\"twitter:data1\" content=\"2 minutos\" \/>\n<script type=\"application\/ld+json\" class=\"yoast-schema-graph\">{\"@context\":\"https:\/\/schema.org\",\"@graph\":[{\"@type\":\"WebPage\",\"@id\":\"https:\/\/launepsicologia.com\/index.php\/terapia-infantil-y-adolescente-2\/\",\"url\":\"https:\/\/launepsicologia.com\/index.php\/terapia-infantil-y-adolescente-2\/\",\"name\":\"Terapia infantil y adolescente - LAUNE Psicolog\u00eda\",\"isPartOf\":{\"@id\":\"https:\/\/launepsicologia.com\/#website\"},\"datePublished\":\"2023-03-07T19:42:30+00:00\",\"dateModified\":\"2026-02-16T09:47:05+00:00\",\"breadcrumb\":{\"@id\":\"https:\/\/launepsicologia.com\/index.php\/terapia-infantil-y-adolescente-2\/#breadcrumb\"},\"inLanguage\":\"es\",\"potentialAction\":[{\"@type\":\"ReadAction\",\"target\":[\"https:\/\/launepsicologia.com\/index.php\/terapia-infantil-y-adolescente-2\/\"]}]},{\"@type\":\"BreadcrumbList\",\"@id\":\"https:\/\/launepsicologia.com\/index.php\/terapia-infantil-y-adolescente-2\/#breadcrumb\",\"itemListElement\":[{\"@type\":\"ListItem\",\"position\":1,\"name\":\"Portada\",\"item\":\"https:\/\/launepsicologia.com\/\"},{\"@type\":\"ListItem\",\"position\":2,\"name\":\"Terapia infantil y adolescente\"}]},{\"@type\":\"WebSite\",\"@id\":\"https:\/\/launepsicologia.com\/#website\",\"url\":\"https:\/\/launepsicologia.com\/\",\"name\":\"LAUNE Psicolog\u00eda\",\"description\":\"Consulta de Psicolog\u00eda en Vitoria-Gasteiz\",\"potentialAction\":[{\"@type\":\"SearchAction\",\"target\":{\"@type\":\"EntryPoint\",\"urlTemplate\":\"https:\/\/launepsicologia.com\/?s={search_term_string}\"},\"query-input\":\"required name=search_term_string\"}],\"inLanguage\":\"es\"}]}<\/script>\n<!-- \/ Yoast SEO plugin. -->","yoast_head_json":{"title":"Terapia infantil y adolescente - LAUNE Psicolog\u00eda","robots":{"index":"index","follow":"follow","max-snippet":"max-snippet:-1","max-image-preview":"max-image-preview:large","max-video-preview":"max-video-preview:-1"},"canonical":"https:\/\/launepsicologia.com\/index.php\/terapia-infantil-y-adolescente-2\/","og_locale":"es_ES","og_type":"article","og_title":"Terapia infantil y adolescente - LAUNE Psicolog\u00eda","og_url":"https:\/\/launepsicologia.com\/index.php\/terapia-infantil-y-adolescente-2\/","og_site_name":"LAUNE Psicolog\u00eda","article_modified_time":"2026-02-16T09:47:05+00:00","twitter_card":"summary_large_image","twitter_misc":{"Tiempo de lectura":"2 minutos"},"schema":{"@context":"https:\/\/schema.org","@graph":[{"@type":"WebPage","@id":"https:\/\/launepsicologia.com\/index.php\/terapia-infantil-y-adolescente-2\/","url":"https:\/\/launepsicologia.com\/index.php\/terapia-infantil-y-adolescente-2\/","name":"Terapia infantil y adolescente - LAUNE Psicolog\u00eda","isPartOf":{"@id":"https:\/\/launepsicologia.com\/#website"},"datePublished":"2023-03-07T19:42:30+00:00","dateModified":"2026-02-16T09:47:05+00:00","breadcrumb":{"@id":"https:\/\/launepsicologia.com\/index.php\/terapia-infantil-y-adolescente-2\/#breadcrumb"},"inLanguage":"es","potentialAction":[{"@type":"ReadAction","target":["https:\/\/launepsicologia.com\/index.php\/terapia-infantil-y-adolescente-2\/"]}]},{"@type":"BreadcrumbList","@id":"https:\/\/launepsicologia.com\/index.php\/terapia-infantil-y-adolescente-2\/#breadcrumb","itemListElement":[{"@type":"ListItem","position":1,"name":"Portada","item":"https:\/\/launepsicologia.com\/"},{"@type":"ListItem","position":2,"name":"Terapia infantil y adolescente"}]},{"@type":"WebSite","@id":"https:\/\/launepsicologia.com\/#website","url":"https:\/\/launepsicologia.com\/","name":"LAUNE Psicolog\u00eda","description":"Consulta de Psicolog\u00eda en Vitoria-Gasteiz","potentialAction":[{"@type":"SearchAction","target":{"@type":"EntryPoint","urlTemplate":"https:\/\/launepsicologia.com\/?s={search_term_string}"},"query-input":"required name=search_term_string"}],"inLanguage":"es"}]}},"_links":{"self":[{"href":"https:\/\/launepsicologia.com\/index.php\/wp-json\/wp\/v2\/pages\/11758","targetHints":{"allow":["GET"]}}],"collection":[{"href":"https:\/\/launepsicologia.com\/index.php\/wp-json\/wp\/v2\/pages"}],"about":[{"href":"https:\/\/launepsicologia.com\/index.php\/wp-json\/wp\/v2\/types\/page"}],"author":[{"embeddable":true,"href":"https:\/\/launepsicologia.com\/index.php\/wp-json\/wp\/v2\/users\/2"}],"replies":[{"embeddable":true,"href":"https:\/\/launepsicologia.com\/index.php\/wp-json\/wp\/v2\/comments?post=11758"}],"version-history":[{"count":19,"href":"https:\/\/launepsicologia.com\/index.php\/wp-json\/wp\/v2\/pages\/11758\/revisions"}],"predecessor-version":[{"id":12387,"href":"https:\/\/launepsicologia.com\/index.php\/wp-json\/wp\/v2\/pages\/11758\/revisions\/12387"}],"wp:attachment":[{"href":"https:\/\/launepsicologia.com\/index.php\/wp-json\/wp\/v2\/media?parent=11758"}],"curies":[{"name":"wp","href":"https:\/\/api.w.org\/{rel}","templated":true}]}}